{"id":1651,"date":"2021-03-18T21:48:43","date_gmt":"2021-03-18T21:48:43","guid":{"rendered":"https:\/\/www.lalunamezcal.com\/usa\/\/\/\/\/?page_id=1651"},"modified":"2022-09-22T15:48:11","modified_gmt":"2022-09-22T21:48:11","slug":"faq","status":"publish","type":"page","link":"https:\/\/www.lalunamezcal.com\/usa\/faq\/","title":{"rendered":"FAQ"},"content":{"rendered":"\t\t<div data-elementor-type=\"wp-page\" data-elementor-id=\"1651\" class=\"elementor elementor-1651\" data-elementor-post-type=\"page\">\n\t\t\t\t\t\t<section class=\"elementor-section elementor-top-section elementor-element elementor-element-caab97b elementor-section-height-min-height elementor-section-boxed elementor-section-height-default elementor-section-items-middle\" data-id=\"caab97b\" data-element_type=\"section\" data-settings=\"{&quot;background_background&quot;:&quot;classic&quot;}\">\n\t\t\t\t\t\t\t<div class=\"elementor-background-overlay\"><\/div>\n\t\t\t\t\t\t\t<div class=\"elementor-container elementor-column-gap-default\">\n\t\t\t\t\t<div class=\"elementor-column elementor-col-100 elementor-top-column elementor-element elementor-element-f1e6151\" data-id=\"f1e6151\" data-element_type=\"column\">\n\t\t\t<div class=\"elementor-widget-wrap elementor-element-populated\">\n\t\t\t\t\t\t<div class=\"elementor-element elementor-element-71a3f09 elementor-widget elementor-widget-heading\" data-id=\"71a3f09\" data-element_type=\"widget\" data-widget_type=\"heading.default\">\n\t\t\t\t<div class=\"elementor-widget-container\">\n\t\t\t<h1 class=\"elementor-heading-title elementor-size-default\">LA LUNA FAQ<\/h1>\t\t<\/div>\n\t\t\t\t<\/div>\n\t\t\t\t\t<\/div>\n\t\t<\/div>\n\t\t\t\t\t<\/div>\n\t\t<\/section>\n\t\t\t\t<section class=\"elementor-section elementor-top-section elementor-element elementor-element-a8d2180 elementor-section-boxed elementor-section-height-default elementor-section-height-default\" data-id=\"a8d2180\" data-element_type=\"section\">\n\t\t\t\t\t\t<div class=\"elementor-container elementor-column-gap-default\">\n\t\t\t\t\t<div class=\"elementor-column elementor-col-25 elementor-top-column elementor-element elementor-element-4f4fd61\" data-id=\"4f4fd61\" data-element_type=\"column\">\n\t\t\t<div class=\"elementor-widget-wrap\">\n\t\t\t\t\t\t\t<\/div>\n\t\t<\/div>\n\t\t\t\t<div class=\"elementor-column elementor-col-50 elementor-top-column elementor-element elementor-element-67bc610\" data-id=\"67bc610\" data-element_type=\"column\">\n\t\t\t<div class=\"elementor-widget-wrap elementor-element-populated\">\n\t\t\t\t\t\t<div class=\"elementor-element elementor-element-132db44 elementor-widget elementor-widget-heading\" data-id=\"132db44\" data-element_type=\"widget\" data-widget_type=\"heading.default\">\n\t\t\t\t<div class=\"elementor-widget-container\">\n\t\t\t<h2 class=\"elementor-heading-title elementor-size-default\">FREQUENTLY ASKED QUESTIONS<\/h2>\t\t<\/div>\n\t\t\t\t<\/div>\n\t\t\t\t<div class=\"elementor-element elementor-element-bee0f9c elementor-widget elementor-widget-text-editor\" data-id=\"bee0f9c\" data-element_type=\"widget\" data-widget_type=\"text-editor.default\">\n\t\t\t\t<div class=\"elementor-widget-container\">\n\t\t\t\t\t\t\t<p><em>\u201cPara todo mal, mezcal, y para todo bien, tambien.\u201d<\/em><br \/><em>(\u201cFor everything bad, mezcal, and for everything good, as well\u2019)<\/em><\/p>\t\t\t\t\t\t<\/div>\n\t\t\t\t<\/div>\n\t\t\t\t\t<\/div>\n\t\t<\/div>\n\t\t\t\t<div class=\"elementor-column elementor-col-25 elementor-top-column elementor-element elementor-element-86fb0d5\" data-id=\"86fb0d5\" data-element_type=\"column\">\n\t\t\t<div class=\"elementor-widget-wrap\">\n\t\t\t\t\t\t\t<\/div>\n\t\t<\/div>\n\t\t\t\t\t<\/div>\n\t\t<\/section>\n\t\t\t\t<section class=\"elementor-section elementor-top-section elementor-element elementor-element-f8b48db elementor-section-boxed elementor-section-height-default elementor-section-height-default\" data-id=\"f8b48db\" data-element_type=\"section\">\n\t\t\t\t\t\t<div class=\"elementor-container elementor-column-gap-default\">\n\t\t\t\t\t<div class=\"elementor-column elementor-col-100 elementor-top-column elementor-element elementor-element-75eb6f5\" data-id=\"75eb6f5\" data-element_type=\"column\">\n\t\t\t<div class=\"elementor-widget-wrap elementor-element-populated\">\n\t\t\t\t\t\t<div class=\"elementor-element elementor-element-823d081 elementor-widget elementor-widget-accordion\" data-id=\"823d081\" data-element_type=\"widget\" data-widget_type=\"accordion.default\">\n\t\t\t\t<div class=\"elementor-widget-container\">\n\t\t\t\t\t<div class=\"elementor-accordion\">\n\t\t\t\t\t\t\t<div class=\"elementor-accordion-item\">\n\t\t\t\t\t<div id=\"elementor-tab-title-1361\" class=\"elementor-tab-title\" data-tab=\"1\" role=\"button\" aria-controls=\"elementor-tab-content-1361\" aria-expanded=\"false\">\n\t\t\t\t\t\t\t\t\t\t\t\t\t<span class=\"elementor-accordion-icon elementor-accordion-icon-left\" aria-hidden=\"true\">\n\t\t\t\t\t\t\t\t\t\t\t\t\t\t\t<span class=\"elementor-accordion-icon-closed\"><i class=\"fas fa-angle-down\"><\/i><\/span>\n\t\t\t\t\t\t\t\t<span class=\"elementor-accordion-icon-opened\"><i class=\"fas fa-angle-up\"><\/i><\/span>\n\t\t\t\t\t\t\t\t\t\t\t\t\t\t<\/span>\n\t\t\t\t\t\t\t\t\t\t\t\t<a class=\"elementor-accordion-title\" tabindex=\"0\">Why does La Luna Mezcal claim that 45% and above is \u201ctraditional\u201d alcohol by volume (ABV) for mezcal? <\/a>\n\t\t\t\t\t<\/div>\n\t\t\t\t\t<div id=\"elementor-tab-content-1361\" class=\"elementor-tab-content elementor-clearfix\" data-tab=\"1\" role=\"region\" aria-labelledby=\"elementor-tab-title-1361\"><p>In our region, and in the Chavez family, we are accustomed to measuring the quality of a mezcal by checking the <em>perlas<\/em>, or very small bubbles. The perlas are visual indicators that the mezcal is at an appropriate ABV. The range in which <em>perlas<\/em> persist most is between 45% to 55%, with the sweet spot usually at 48% to 51%, from our experience and gusto.<\/p><p>When Abuelito Miguel Chava, former <em>catador de Cotija<\/em>, conducts his criteria test, the first thing he does is shake the bottle to observe the perlas. If no perlas persist, he deems the mezcal <em>malo<\/em>; if they persist, he says <em>\u201c\u00c9ste s\u00ed est\u00e1 bueno,\u201d<\/em> and he proceeds to the next criterion &#8212; is it pleasant on his palate? We keep this standard in mind for all our batches and do not produce mezcal that is below 45% ABV.<\/p><\/div>\n\t\t\t\t<\/div>\n\t\t\t\t\t\t\t<div class=\"elementor-accordion-item\">\n\t\t\t\t\t<div id=\"elementor-tab-title-1362\" class=\"elementor-tab-title\" data-tab=\"2\" role=\"button\" aria-controls=\"elementor-tab-content-1362\" aria-expanded=\"false\">\n\t\t\t\t\t\t\t\t\t\t\t\t\t<span class=\"elementor-accordion-icon elementor-accordion-icon-left\" aria-hidden=\"true\">\n\t\t\t\t\t\t\t\t\t\t\t\t\t\t\t<span class=\"elementor-accordion-icon-closed\"><i class=\"fas fa-angle-down\"><\/i><\/span>\n\t\t\t\t\t\t\t\t<span class=\"elementor-accordion-icon-opened\"><i class=\"fas fa-angle-up\"><\/i><\/span>\n\t\t\t\t\t\t\t\t\t\t\t\t\t\t<\/span>\n\t\t\t\t\t\t\t\t\t\t\t\t<a class=\"elementor-accordion-title\" tabindex=\"0\">Why doesn\u2019t La Luna Mezcal offer an Espad\u00edn expression? <\/a>\n\t\t\t\t\t<\/div>\n\t\t\t\t\t<div id=\"elementor-tab-content-1362\" class=\"elementor-tab-content elementor-clearfix\" data-tab=\"2\" role=\"region\" aria-labelledby=\"elementor-tab-title-1362\"><p><em>Espadin (A. augustifolia var. espad\u00edn)<\/em> is not endemic to the state of Michoac\u00e1n as it is to Oaxaca. With its common availability to mezcaleros and brands in Oaxaca, typically there is one <em>Espad\u00edn<\/em> expression in every product line from that state. In Michoac\u00e1n, the most commonly found agave is the endemic Cupreata, also referred to as Chino, which we feature in our black label and other ensambles. The only similarity between <em>Espad\u00edn<\/em> and Cupreata is that they are each the most available in their respective region. They differ dramatically in their physical characteristics, color tones, and flavor profiles.<\/p><\/div>\n\t\t\t\t<\/div>\n\t\t\t\t\t\t\t<div class=\"elementor-accordion-item\">\n\t\t\t\t\t<div id=\"elementor-tab-title-1363\" class=\"elementor-tab-title\" data-tab=\"3\" role=\"button\" aria-controls=\"elementor-tab-content-1363\" aria-expanded=\"false\">\n\t\t\t\t\t\t\t\t\t\t\t\t\t<span class=\"elementor-accordion-icon elementor-accordion-icon-left\" aria-hidden=\"true\">\n\t\t\t\t\t\t\t\t\t\t\t\t\t\t\t<span class=\"elementor-accordion-icon-closed\"><i class=\"fas fa-angle-down\"><\/i><\/span>\n\t\t\t\t\t\t\t\t<span class=\"elementor-accordion-icon-opened\"><i class=\"fas fa-angle-up\"><\/i><\/span>\n\t\t\t\t\t\t\t\t\t\t\t\t\t\t<\/span>\n\t\t\t\t\t\t\t\t\t\t\t\t<a class=\"elementor-accordion-title\" tabindex=\"0\">What is the difference between mezcal and tequila?<\/a>\n\t\t\t\t\t<\/div>\n\t\t\t\t\t<div id=\"elementor-tab-content-1363\" class=\"elementor-tab-content elementor-clearfix\" data-tab=\"3\" role=\"region\" aria-labelledby=\"elementor-tab-title-1363\"><p>From mezcal came the birth of the category of tequila. That we can say with certainty. Without the history and tradition of mezcal, no one would have followed the rules exclusive to the narrower category now known as tequila.<\/p><p>With the exception of diffusor-produced tequila, pi\u00f1as of the agaves for both mezcal and tequila go through the hydrolysis process in enclosed heating vessels. For traditional mezcal, this would be in historic fire-heated conic earth ovens; for tequila, it would be in autoclaves or steam-heated brick ovens. For tequila, the only agave that can be used is blue Weber, also known as Azul or Tequilana, while in the world of mezcal there are over 100 different types. So the first major difference between the two is the limitation of tequila to a single type of agave while mezcal uses a wide variety of them.<\/p><p>The second major difference between traditional and artisanal mezcal versus tequila is fermentation method. An array of vessels is used for mezcal fermentation, ranging from wood vats, cowhide, and radiators to clay pots, plastic cans, and bathtubs. Tequila fermentation usually occurs in stainless steel tanks. Additionally, juice extraction from the cooked agaves for tequila production usually involves sophisticated machinery for greater efficiencies, while traditional mezcal extraction, depending on the region, may employ wooden mallets, tahonas, exprimidores, wood chippers, or axes, which are much more labor intensive and less efficient.<\/p><p>Once in the fermentation vessel, traditional mezcal usually relies on airborne, natural yeast through the whole process, whereas tequila is most often made with commercial yeast. Traditional mezcal is typically made in an open-air facility exposed to ambient temperatures, while most tequila is produced in enclosed facilities with more regulated environments. As a result of all these factors, the flavors found in tequila and mezcal vary tremendously, with some differences due to controlled as opposed to uncontrolled conditions.<\/p><p>A third major difference is the form of distillation. Every region of Mexico seems to possess a different vessel for distillation, but the similarities in capacities, heating sources, and simplicity overlap considerably in all traditional mezcal. Because all the mezcal regions have preserved historic practices, they tend to have much smaller capacities than tequila facilities. For example, we use a Filipino pinewood still that has been traditional since Michoac\u00e1n began producing mezcal; the cazo holds a maximum of 200 liters at a time. A tequila alambique still holds upwards of 1,000 liters in smaller versions, while large stills hold closer to 10,000. We use a fire to heat our still to temperature while tequila makers would use a gauge-controlled boiler-steamer, another example of less versus more controlled techniques.<\/p><p>The differences between mezcal and tequila are complex and nuanced. We believe that it is exactly all of the less controlled facets of mezcal production that make it the most beautiful of spirits. It is undoubtedly the most expressive clear spirit produced, meaning that without time spent in oak barrels, or infusions, additives, or even filtration, it offers more in robust aromas and flavors than any other category. As we always say when we have the opportunity to sit with those willing to hear our story and taste our spirits, it is the imperfections of mezcal that make it perfect!<\/p><\/div>\n\t\t\t\t<\/div>\n\t\t\t\t\t\t\t<div class=\"elementor-accordion-item\">\n\t\t\t\t\t<div id=\"elementor-tab-title-1364\" class=\"elementor-tab-title\" data-tab=\"4\" role=\"button\" aria-controls=\"elementor-tab-content-1364\" aria-expanded=\"false\">\n\t\t\t\t\t\t\t\t\t\t\t\t\t<span class=\"elementor-accordion-icon elementor-accordion-icon-left\" aria-hidden=\"true\">\n\t\t\t\t\t\t\t\t\t\t\t\t\t\t\t<span class=\"elementor-accordion-icon-closed\"><i class=\"fas fa-angle-down\"><\/i><\/span>\n\t\t\t\t\t\t\t\t<span class=\"elementor-accordion-icon-opened\"><i class=\"fas fa-angle-up\"><\/i><\/span>\n\t\t\t\t\t\t\t\t\t\t\t\t\t\t<\/span>\n\t\t\t\t\t\t\t\t\t\t\t\t<a class=\"elementor-accordion-title\" tabindex=\"0\">Who regulates production of mezcal and tequila?<\/a>\n\t\t\t\t\t<\/div>\n\t\t\t\t\t<div id=\"elementor-tab-content-1364\" class=\"elementor-tab-content elementor-clearfix\" data-tab=\"4\" role=\"region\" aria-labelledby=\"elementor-tab-title-1364\"><p>Both have denominations of origin that govern their category. This situation makes the conversation about differences much more technical, but still worth noting. The CRM (Consejo Regulador del Mezcal) regulates the certification of mezcal and has limited the number of states for certified mezcal to nine currently. The CRT (Consejo Regulador del Tequila) allows five states to produce certified tequila. Of the two regulatory bodies, the more controversial has been the CRM because there are many producers who have made mezcal for decades that aren\u2019t easily granted access to certification because their region is not one of the nine current certified states and municipalities. Regulation is an evolving process and today\u2019s realities may change in the near future.<\/p><\/div>\n\t\t\t\t<\/div>\n\t\t\t\t\t\t\t<div class=\"elementor-accordion-item\">\n\t\t\t\t\t<div id=\"elementor-tab-title-1365\" class=\"elementor-tab-title\" data-tab=\"5\" role=\"button\" aria-controls=\"elementor-tab-content-1365\" aria-expanded=\"false\">\n\t\t\t\t\t\t\t\t\t\t\t\t\t<span class=\"elementor-accordion-icon elementor-accordion-icon-left\" aria-hidden=\"true\">\n\t\t\t\t\t\t\t\t\t\t\t\t\t\t\t<span class=\"elementor-accordion-icon-closed\"><i class=\"fas fa-angle-down\"><\/i><\/span>\n\t\t\t\t\t\t\t\t<span class=\"elementor-accordion-icon-opened\"><i class=\"fas fa-angle-up\"><\/i><\/span>\n\t\t\t\t\t\t\t\t\t\t\t\t\t\t<\/span>\n\t\t\t\t\t\t\t\t\t\t\t\t<a class=\"elementor-accordion-title\" tabindex=\"0\">Why is mezcal smoky? <\/a>\n\t\t\t\t\t<\/div>\n\t\t\t\t\t<div id=\"elementor-tab-content-1365\" class=\"elementor-tab-content elementor-clearfix\" data-tab=\"5\" role=\"region\" aria-labelledby=\"elementor-tab-title-1365\"><p>Probably the most simplistic, and unfair, generalization of mezcal is that it is simply smoky. A traditional mezcal will speak to you with so many layers, aromas, and flavors that smoky would be the last adjective you use to describe it. That said, this is a very common question. Traditional mezcal is typically roasted underground in a conic earth oven. What occurs in that oven once it is sealed by, in our case, petates and dirt, sheds light on where the smoke flavor comes from. Earth ovens are typically built up first with wood, then volcanic or river rock, then a protective layer of pencas (in our case) or wet bagazo, then the agave pi\u00f1as, then petates and dirt. We turn on our ovens by lighting the kindling as early as 2:00 am to be able to load them around noon or 1:00 pm.<\/p><\/div>\n\t\t\t\t<\/div>\n\t\t\t\t\t\t\t<div class=\"elementor-accordion-item\">\n\t\t\t\t\t<div id=\"elementor-tab-title-1366\" class=\"elementor-tab-title\" data-tab=\"6\" role=\"button\" aria-controls=\"elementor-tab-content-1366\" aria-expanded=\"false\">\n\t\t\t\t\t\t\t\t\t\t\t\t\t<span class=\"elementor-accordion-icon elementor-accordion-icon-left\" aria-hidden=\"true\">\n\t\t\t\t\t\t\t\t\t\t\t\t\t\t\t<span class=\"elementor-accordion-icon-closed\"><i class=\"fas fa-angle-down\"><\/i><\/span>\n\t\t\t\t\t\t\t\t<span class=\"elementor-accordion-icon-opened\"><i class=\"fas fa-angle-up\"><\/i><\/span>\n\t\t\t\t\t\t\t\t\t\t\t\t\t\t<\/span>\n\t\t\t\t\t\t\t\t\t\t\t\t<a class=\"elementor-accordion-title\" tabindex=\"0\">How long does it take for an agave to mature?<\/a>\n\t\t\t\t\t<\/div>\n\t\t\t\t\t<div id=\"elementor-tab-content-1366\" class=\"elementor-tab-content elementor-clearfix\" data-tab=\"6\" role=\"region\" aria-labelledby=\"elementor-tab-title-1366\"><p>The beautiful diversity of agave that makes up the world of mezcal involves differences in rates of maturity as well. Many raw materials used to make alcoholic beverages have annual crops to harvest and the crop matures at about the same time. Not so with agave, although the market will pressure agave spirits to be line-priced with almost all categories, even though the least amount of time a particular agave requires to mature is five years.<\/p><p>All agave mature differently. The genus agave (or maguey in Mexican Spanish) includes an abundance of species, subspecies, and varieties. Some species of agave require as little as five years to mature, while others take multiple decades. Here are maturity times for the agaves endemic to Michoac\u00e1n that we use to produce La Luna Mezcal:<\/p><ol><li><em>A. cupreata (Maguey Chino): 7-10 years<\/em><\/li><li><em>A. tequilana (Maguey Azul) 5-7 years<\/em><\/li><li><em>A. sp (Maguey Manso Sahuayo, aka Cenizo) 6-10 years<\/em><\/li><li><em>A. inaequidens (Maguey Bruto) 10-25 years<\/em><\/li><li><em>A. sp (Maguey Espadincillo) 5-7 years<\/em><\/li><li><em>A. salmiana (Maguey Verde) 10-25 years<\/em><\/li><\/ol><\/div>\n\t\t\t\t<\/div>\n\t\t\t\t\t\t\t\t<\/div>\n\t\t\t\t<\/div>\n\t\t\t\t<\/div>\n\t\t\t\t\t<\/div>\n\t\t<\/div>\n\t\t\t\t\t<\/div>\n\t\t<\/section>\n\t\t\t\t<\/div>\n\t\t","protected":false},"excerpt":{"rendered":"<p>LA LUNA FAQ FREQUENTLY ASKED QUESTIONS \u201cPara todo mal, mezcal, y para todo bien, tambien.\u201d (\u201cFor everything bad, mezcal, and for everything good, as well\u2019) Why does La Luna Mezcal claim that 45% and above is \u201ctraditional\u201d alcohol by volume (ABV) for mezcal? In our region, and in the Chavez family, we are accustomed to &#8230; <a title=\"FAQ\" class=\"read-more\" href=\"https:\/\/www.lalunamezcal.com\/usa\/faq\/\" aria-label=\"Read more about FAQ\">Read more<\/a><\/p>\n","protected":false},"author":1,"featured_media":0,"parent":0,"menu_order":0,"comment_status":"closed","ping_status":"closed","template":"elementor_header_footer","meta":{"footnotes":""},"_links":{"self":[{"href":"https:\/\/www.lalunamezcal.com\/usa\/wp-json\/wp\/v2\/pages\/1651"}],"collection":[{"href":"https:\/\/www.lalunamezcal.com\/usa\/wp-json\/wp\/v2\/pages"}],"about":[{"href":"https:\/\/www.lalunamezcal.com\/usa\/wp-json\/wp\/v2\/types\/page"}],"author":[{"embeddable":true,"href":"https:\/\/www.lalunamezcal.com\/usa\/wp-json\/wp\/v2\/users\/1"}],"replies":[{"embeddable":true,"href":"https:\/\/www.lalunamezcal.com\/usa\/wp-json\/wp\/v2\/comments?post=1651"}],"version-history":[{"count":59,"href":"https:\/\/www.lalunamezcal.com\/usa\/wp-json\/wp\/v2\/pages\/1651\/revisions"}],"predecessor-version":[{"id":1885,"href":"https:\/\/www.lalunamezcal.com\/usa\/wp-json\/wp\/v2\/pages\/1651\/revisions\/1885"}],"wp:attachment":[{"href":"https:\/\/www.lalunamezcal.com\/usa\/wp-json\/wp\/v2\/media?parent=1651"}],"curies":[{"name":"wp","href":"https:\/\/api.w.org\/{rel}","templated":true}]}}